{"id":18730,"date":"2022-09-22T19:37:47","date_gmt":"2022-09-22T17:37:47","guid":{"rendered":"https:\/\/www.invarture.com\/?page_id=18730"},"modified":"2022-11-14T11:54:01","modified_gmt":"2022-11-14T10:54:01","slug":"inscription-newsletter","status":"publish","type":"page","link":"https:\/\/www.invarture.com\/en\/inscription-newsletter\/","title":{"rendered":"Inscription Newsletter"},"content":{"rendered":"<div data-elementor-type=\"wp-page\" data-elementor-id=\"18730\" class=\"elementor elementor-18730\">\n\t\t\t\t\t\t<section class=\"elementor-section elementor-top-section elementor-element elementor-element-fb0a453 elementor-section-boxed elementor-section-height-default elementor-section-height-default\" data-id=\"fb0a453\" data-element_type=\"section\">\n\t\t\t\t\t\t<div class=\"elementor-container elementor-column-gap-default\">\n\t\t\t\t\t<div class=\"elementor-column elementor-col-100 elementor-top-column elementor-element elementor-element-3fab52b\" data-id=\"3fab52b\" data-element_type=\"column\">\n\t\t\t<div class=\"elementor-widget-wrap\">\n\t\t\t\t\t\t\t<\/div>\n\t\t<\/div>\n\t\t\t\t\t<\/div>\n\t\t<\/section>\n\t\t\t\t<section class=\"elementor-section elementor-top-section elementor-element elementor-element-d0d4b6a elementor-section-full_width elementor-section-stretched elementor-section-height-default elementor-section-height-default\" data-id=\"d0d4b6a\" data-element_type=\"section\" data-settings=\"{&quot;stretch_section&quot;:&quot;section-stretched&quot;,&quot;background_background&quot;:&quot;classic&quot;}\">\n\t\t\t\t\t\t<div class=\"elementor-container elementor-column-gap-default\">\n\t\t\t\t\t<div class=\"elementor-column elementor-col-100 elementor-top-column elementor-element elementor-element-7f58b82\" data-id=\"7f58b82\" data-element_type=\"column\">\n\t\t\t<div class=\"elementor-widget-wrap elementor-element-populated\">\n\t\t\t\t\t\t<div class=\"elementor-element elementor-element-f00f76e elementor-widget elementor-widget-spacer\" data-id=\"f00f76e\" data-element_type=\"widget\" data-widget_type=\"spacer.default\">\n\t\t\t\t<div class=\"elementor-widget-container\">\n\t\t\t\t\t\t\t<div class=\"elementor-spacer\">\n\t\t\t<div class=\"elementor-spacer-inner\"><\/div>\n\t\t<\/div>\n\t\t\t\t\t\t<\/div>\n\t\t\t\t<\/div>\n\t\t\t\t<div class=\"elementor-element elementor-element-ba1ccd1 elementor-widget elementor-widget-heading\" data-id=\"ba1ccd1\" data-element_type=\"widget\" data-widget_type=\"heading.default\">\n\t\t\t\t<div class=\"elementor-widget-container\">\n\t\t\t\t\t<h1 class=\"elementor-heading-title elementor-size-default\">Inscrivez-vous \u00e0 notre newsletter<\/h1>\t\t\t\t<\/div>\n\t\t\t\t<\/div>\n\t\t\t\t<div class=\"elementor-element elementor-element-48e9184 elementor-widget elementor-widget-text-editor\" data-id=\"48e9184\" data-element_type=\"widget\" data-widget_type=\"text-editor.default\">\n\t\t\t\t<div class=\"elementor-widget-container\">\n\t\t\t\t\t\t\t\t\t<p>Renseignez votre adresse mail et recevez toute notre actualit\u00e9, nos offres et toutes les informations de nos partenaires<\/p>\t\t\t\t\t\t\t\t<\/div>\n\t\t\t\t<\/div>\n\t\t\t\t<div class=\"elementor-element elementor-element-d7878f9 elementor-widget elementor-widget-spacer\" data-id=\"d7878f9\" data-element_type=\"widget\" data-widget_type=\"spacer.default\">\n\t\t\t\t<div class=\"elementor-widget-container\">\n\t\t\t\t\t\t\t<div class=\"elementor-spacer\">\n\t\t\t<div class=\"elementor-spacer-inner\"><\/div>\n\t\t<\/div>\n\t\t\t\t\t\t<\/div>\n\t\t\t\t<\/div>\n\t\t\t\t\t<\/div>\n\t\t<\/div>\n\t\t\t\t\t<\/div>\n\t\t<\/section>\n\t\t\t\t<section class=\"elementor-section elementor-top-section elementor-element elementor-element-21fb50c elementor-section-boxed elementor-section-height-default elementor-section-height-default\" data-id=\"21fb50c\" data-element_type=\"section\">\n\t\t\t\t\t\t<div class=\"elementor-container elementor-column-gap-default\">\n\t\t\t\t\t<div class=\"elementor-column elementor-col-100 elementor-top-column elementor-element elementor-element-5d2e72b\" data-id=\"5d2e72b\" data-element_type=\"column\">\n\t\t\t<div class=\"elementor-widget-wrap elementor-element-populated\">\n\t\t\t\t\t\t<div class=\"elementor-element elementor-element-67804b4 elementor-widget elementor-widget-spacer\" data-id=\"67804b4\" data-element_type=\"widget\" data-widget_type=\"spacer.default\">\n\t\t\t\t<div class=\"elementor-widget-container\">\n\t\t\t\t\t\t\t<div class=\"elementor-spacer\">\n\t\t\t<div class=\"elementor-spacer-inner\"><\/div>\n\t\t<\/div>\n\t\t\t\t\t\t<\/div>\n\t\t\t\t<\/div>\n\t\t\t\t<div class=\"elementor-element elementor-element-24f52dd fluentform-widget-submit-button-full-width elementor-widget elementor-widget-fluent-form-widget\" data-id=\"24f52dd\" data-element_type=\"widget\" data-widget_type=\"fluent-form-widget.default\">\n\t\t\t\t<div class=\"elementor-widget-container\">\n\t\t\t\t\t\n            <div class=\"fluentform-widget-wrapper fluentform-widget-custom-radio-checkbox fluentform-widget-align-center\">\n\n            \n            <div class='fluentform ff-default fluentform_wrapper_7 ffs_default_wrap'><form data-form_id=\"7\" id=\"fluentform_7\" class=\"frm-fluent-form fluent_form_7 ff-el-form-top ff_form_instance_7_1 ff-form-loading ffs_default\" data-form_instance=\"ff_form_instance_7_1\" method=\"POST\" action=\"\" ><fieldset  style=\"border: none!important;margin: 0!important;padding: 0!important;background-color: transparent!important;box-shadow: none!important;outline: none!important; min-inline-size: 100%;\">\n                    <legend class=\"ff_screen_reader_title\" style=\"display: block; margin: 0!important;padding: 0!important;height: 0!important;text-indent: -999999px;width: 0!important;overflow:hidden;\">Inscription \u00e0 la newsletter<\/legend><p style=\"display: none !important;\" class=\"akismet-fields-container\" data-prefix=\"ak_\"><label>&#916;<textarea name=\"ak_hp_textarea\" cols=\"45\" rows=\"8\" maxlength=\"100\"><\/textarea><\/label><input type=\"hidden\" id=\"ak_js_1\" name=\"ak_js\" value=\"168\"\/><script>document.getElementById( \"ak_js_1\" ).setAttribute( \"value\", ( new Date() ).getTime() );<\/script><\/p><input type='hidden' name='__fluent_form_embded_post_id' value='18730' \/><input type=\"hidden\" id=\"_fluentform_7_fluentformnonce\" name=\"_fluentform_7_fluentformnonce\" value=\"15d25cfb75\" \/><input type=\"hidden\" name=\"_wp_http_referer\" value=\"\/en\/wp-json\/wp\/v2\/pages\/18730\" \/><div data-name=\"ff_cn_id_1\"  class='ff-t-container ff-column-container ff_columns_total_1'><div class='ff-t-cell ff-t-column-1' style='flex-basis: %;'><div class='ff-el-group'><div class=\"ff-el-input--label ff-el-is-required asterisk-right\"><label for='ff_7_email' id='label_ff_7_email' aria-label=\"Email\">Email<\/label><\/div><div class='ff-el-input--content'><input type=\"email\" name=\"email\" id=\"ff_7_email\" class=\"ff-el-form-control\" placeholder=\"Your email...\" data-name=\"email\"  aria-invalid=\"false\" aria-required=\"true\"><\/div><\/div><div class='ff-el-group    ff-el-input--content'><div class='ff-el-form-check ff-el-tc'><label aria-label='En validant ce formulaire, j&#039;accepte les mentions l\u00e9gales de la soci\u00e9t\u00e9 Invarture et qu&#039;elle conserve mes informations dans sa base de donn\u00e9es. Je peux \u00e0 tout moment les faire modifier ou effacer sur simple demande.' class='ff-el-form-check-label ff_tc_label' for=\"gdpr-agreement_ef8e367ef3d856d5a85249c57bcf7c92\"><span class='ff_tc_checkbox'><input type=\"checkbox\" name=\"gdpr-agreement\" class=\"ff-el-form-check-input ff_gdpr_field\" data-name=\"gdpr-agreement\" id=\"gdpr-agreement_ef8e367ef3d856d5a85249c57bcf7c92\"  value='on' aria-invalid='false' aria-required=\"true\"><\/span> <div class='ff_t_c'>By submitting this form, I agree to Invarture\u2019s legal notice and consent to the company storing my information in its database. I can request modification or deletion of my data at any time<\/div><\/label><\/div><\/div><div class='ff-el-group ff-text-left ff_submit_btn_wrapper ff_submit_btn_wrapper_custom'><button class=\"ff-btn ff-btn-submit ff-btn-md ff_btn_style wpf_has_custom_css\" type=\"submit\" name=\"custom_submit_button-7_1\" data-name=\"custom_submit_button-7_1\"  aria-label=\"Je m&#039;inscris\">Subscribe<\/button><style>form.fluent_form_7 .wpf_has_custom_css.ff-btn-submit { background-color:rgba(45, 88, 250, 1);border-color:rgba(45, 88, 250, 1);color:#ffffff;min-width:100%; }form.fluent_form_7 .wpf_has_custom_css.ff-btn-submit:hover { background-color:#ffffff;border-color:rgba(45, 88, 250, 1);color:#2D58FA;min-width:100%; } <\/style><\/div><\/div><\/div><\/fieldset><input type=\"hidden\" name=\"trp-form-language\" value=\"en\"\/><\/form><div id='fluentform_7_errors' class='ff-errors-in-stack ff_form_instance_7_1 ff-form-loading_errors ff_form_instance_7_1_errors'><\/div><\/div>            <script type=\"text\/javascript\">\n                window.fluent_form_ff_form_instance_7_1 = {\"id\":\"7\",\"settings\":{\"layout\":{\"labelPlacement\":\"top\",\"helpMessagePlacement\":\"with_label\",\"errorMessagePlacement\":\"inline\",\"cssClassName\":\"\",\"asteriskPlacement\":\"asterisk-right\"},\"restrictions\":{\"denyEmptySubmission\":{\"enabled\":false}}},\"form_instance\":\"ff_form_instance_7_1\",\"form_id_selector\":\"fluentform_7\",\"rules\":{\"email\":{\"required\":{\"value\":true,\"message\":\"Ce champ est obligatoire\"},\"email\":{\"value\":true,\"message\":\"Ce champ doit contenir un e-mail valide\"}},\"gdpr-agreement\":{\"required\":{\"value\":true,\"message\":\"Ce champ est obligatoire\"}}},\"debounce_time\":300};\n                            <\/script>\n                        <\/div>\n\n            \t\t\t\t<\/div>\n\t\t\t\t<\/div>\n\t\t\t\t\t<\/div>\n\t\t<\/div>\n\t\t\t\t\t<\/div>\n\t\t<\/section>\n\t\t\t\t<\/div>","protected":false},"excerpt":{"rendered":"<p>Inscrivez-vous \u00e0 notre newsletter Renseignez votre adresse mail et recevez toute notre actualit\u00e9, nos offres [&hellip;]<\/p>\n","protected":false},"author":9,"featured_media":0,"parent":0,"menu_order":0,"comment_status":"closed","ping_status":"closed","template":"","meta":{"content-type":"","footnotes":""},"class_list":["post-18730","page","type-page","status-publish","hentry"],"yoast_head":"<!-- This site is optimized with the Yoast SEO plugin v27.1.1 - https:\/\/yoast.com\/product\/yoast-seo-wordpress\/ -->\n<title>Inscription Newsletter - Invarture<\/title>\n<meta name=\"robots\" content=\"index, follow, max-snippet:-1, max-image-preview:large, max-video-preview:-1\" \/>\n<link rel=\"canonical\" href=\"https:\/\/www.invarture.com\/en\/inscription-newsletter\/\" \/>\n<meta property=\"og:locale\" content=\"en_GB\" \/>\n<meta property=\"og:type\" content=\"article\" \/>\n<meta property=\"og:title\" content=\"Inscription Newsletter - Invarture\" \/>\n<meta property=\"og:description\" content=\"Inscrivez-vous \u00e0 notre newsletter Renseignez votre adresse mail et recevez toute notre actualit\u00e9, nos offres [&hellip;]\" \/>\n<meta property=\"og:url\" content=\"https:\/\/www.invarture.com\/en\/inscription-newsletter\/\" \/>\n<meta property=\"og:site_name\" content=\"Invarture\" \/>\n<meta property=\"article:modified_time\" content=\"2022-11-14T10:54:01+00:00\" \/>\n<meta name=\"twitter:card\" content=\"summary_large_image\" \/>\n<meta name=\"twitter:label1\" content=\"Estimated reading time\" \/>\n\t<meta name=\"twitter:data1\" content=\"1 minute\" \/>\n<script type=\"application\/ld+json\" class=\"yoast-schema-graph\">{\"@context\":\"https:\/\/schema.org\",\"@graph\":[{\"@type\":\"WebPage\",\"@id\":\"https:\/\/www.invarture.com\/inscription-newsletter\/\",\"url\":\"https:\/\/www.invarture.com\/inscription-newsletter\/\",\"name\":\"Inscription Newsletter - Invarture\",\"isPartOf\":{\"@id\":\"https:\/\/www.invarture.com\/#website\"},\"datePublished\":\"2022-09-22T17:37:47+00:00\",\"dateModified\":\"2022-11-14T10:54:01+00:00\",\"breadcrumb\":{\"@id\":\"https:\/\/www.invarture.com\/inscription-newsletter\/#breadcrumb\"},\"inLanguage\":\"en-GB\",\"potentialAction\":[{\"@type\":\"ReadAction\",\"target\":[\"https:\/\/www.invarture.com\/inscription-newsletter\/\"]}]},{\"@type\":\"BreadcrumbList\",\"@id\":\"https:\/\/www.invarture.com\/inscription-newsletter\/#breadcrumb\",\"itemListElement\":[{\"@type\":\"ListItem\",\"position\":1,\"name\":\"Accueil\",\"item\":\"https:\/\/www.invarture.com\/\"},{\"@type\":\"ListItem\",\"position\":2,\"name\":\"Inscription Newsletter\"}]},{\"@type\":\"WebSite\",\"@id\":\"https:\/\/www.invarture.com\/#website\",\"url\":\"https:\/\/www.invarture.com\/\",\"name\":\"Invarture\",\"description\":\"DevOps Solutions\",\"potentialAction\":[{\"@type\":\"SearchAction\",\"target\":{\"@type\":\"EntryPoint\",\"urlTemplate\":\"https:\/\/www.invarture.com\/?s={search_term_string}\"},\"query-input\":{\"@type\":\"PropertyValueSpecification\",\"valueRequired\":true,\"valueName\":\"search_term_string\"}}],\"inLanguage\":\"en-GB\"}]}<\/script>\n<!-- \/ Yoast SEO plugin. -->","yoast_head_json":{"title":"Inscription Newsletter - Invarture","robots":{"index":"index","follow":"follow","max-snippet":"max-snippet:-1","max-image-preview":"max-image-preview:large","max-video-preview":"max-video-preview:-1"},"canonical":"https:\/\/www.invarture.com\/en\/inscription-newsletter\/","og_locale":"en_GB","og_type":"article","og_title":"Inscription Newsletter - Invarture","og_description":"Inscrivez-vous \u00e0 notre newsletter Renseignez votre adresse mail et recevez toute notre actualit\u00e9, nos offres [&hellip;]","og_url":"https:\/\/www.invarture.com\/en\/inscription-newsletter\/","og_site_name":"Invarture","article_modified_time":"2022-11-14T10:54:01+00:00","twitter_card":"summary_large_image","twitter_misc":{"Estimated reading time":"1 minute"},"schema":{"@context":"https:\/\/schema.org","@graph":[{"@type":"WebPage","@id":"https:\/\/www.invarture.com\/inscription-newsletter\/","url":"https:\/\/www.invarture.com\/inscription-newsletter\/","name":"Inscription Newsletter - Invarture","isPartOf":{"@id":"https:\/\/www.invarture.com\/#website"},"datePublished":"2022-09-22T17:37:47+00:00","dateModified":"2022-11-14T10:54:01+00:00","breadcrumb":{"@id":"https:\/\/www.invarture.com\/inscription-newsletter\/#breadcrumb"},"inLanguage":"en-GB","potentialAction":[{"@type":"ReadAction","target":["https:\/\/www.invarture.com\/inscription-newsletter\/"]}]},{"@type":"BreadcrumbList","@id":"https:\/\/www.invarture.com\/inscription-newsletter\/#breadcrumb","itemListElement":[{"@type":"ListItem","position":1,"name":"Accueil","item":"https:\/\/www.invarture.com\/"},{"@type":"ListItem","position":2,"name":"Inscription Newsletter"}]},{"@type":"WebSite","@id":"https:\/\/www.invarture.com\/#website","url":"https:\/\/www.invarture.com\/","name":"Invarture","description":"DevOps Solutions","potentialAction":[{"@type":"SearchAction","target":{"@type":"EntryPoint","urlTemplate":"https:\/\/www.invarture.com\/?s={search_term_string}"},"query-input":{"@type":"PropertyValueSpecification","valueRequired":true,"valueName":"search_term_string"}}],"inLanguage":"en-GB"}]}},"_links":{"self":[{"href":"https:\/\/www.invarture.com\/en\/wp-json\/wp\/v2\/pages\/18730","targetHints":{"allow":["GET"]}}],"collection":[{"href":"https:\/\/www.invarture.com\/en\/wp-json\/wp\/v2\/pages"}],"about":[{"href":"https:\/\/www.invarture.com\/en\/wp-json\/wp\/v2\/types\/page"}],"author":[{"embeddable":true,"href":"https:\/\/www.invarture.com\/en\/wp-json\/wp\/v2\/users\/9"}],"replies":[{"embeddable":true,"href":"https:\/\/www.invarture.com\/en\/wp-json\/wp\/v2\/comments?post=18730"}],"version-history":[{"count":10,"href":"https:\/\/www.invarture.com\/en\/wp-json\/wp\/v2\/pages\/18730\/revisions"}],"predecessor-version":[{"id":19676,"href":"https:\/\/www.invarture.com\/en\/wp-json\/wp\/v2\/pages\/18730\/revisions\/19676"}],"wp:attachment":[{"href":"https:\/\/www.invarture.com\/en\/wp-json\/wp\/v2\/media?parent=18730"}],"curies":[{"name":"wp","href":"https:\/\/api.w.org\/{rel}","templated":true}]}}