{"id":15877,"date":"2022-11-11T16:24:11","date_gmt":"2022-11-11T15:24:11","guid":{"rendered":"https:\/\/www.invarture.com\/?page_id=15877"},"modified":"2026-01-29T16:50:56","modified_gmt":"2026-01-29T15:50:56","slug":"evenements-autour-de-sap","status":"publish","type":"page","link":"https:\/\/www.invarture.com\/en\/evenements-autour-de-sap\/","title":{"rendered":"A2 &#8211; \u00e9v\u00e9nement"},"content":{"rendered":"<div data-elementor-type=\"wp-page\" data-elementor-id=\"15877\" class=\"elementor elementor-15877\">\n\t\t\t\t\t\t<section class=\"elementor-section elementor-top-section elementor-element elementor-element-84fb604 elementor-section-boxed elementor-section-height-default elementor-section-height-default\" data-id=\"84fb604\" data-element_type=\"section\">\n\t\t\t\t\t\t<div class=\"elementor-container elementor-column-gap-default\">\n\t\t\t\t\t<div class=\"elementor-column elementor-col-100 elementor-top-column elementor-element elementor-element-9fa7f41\" data-id=\"9fa7f41\" data-element_type=\"column\">\n\t\t\t<div class=\"elementor-widget-wrap\">\n\t\t\t\t\t\t\t<\/div>\n\t\t<\/div>\n\t\t\t\t\t<\/div>\n\t\t<\/section>\n\t\t\t\t<section class=\"elementor-section elementor-top-section elementor-element elementor-element-c465dd9 elementor-section-height-min-height elementor-section-content-middle elementor-section-full_width elementor-section-stretched elementor-section-height-default elementor-section-items-middle\" data-id=\"c465dd9\" data-element_type=\"section\" data-settings=\"{&quot;background_background&quot;:&quot;gradient&quot;,&quot;stretch_section&quot;:&quot;section-stretched&quot;}\">\n\t\t\t\t\t\t\t<div class=\"elementor-background-overlay\"><\/div>\n\t\t\t\t\t\t\t<div class=\"elementor-container elementor-column-gap-no\">\n\t\t\t\t\t<div class=\"elementor-column elementor-col-100 elementor-top-column elementor-element elementor-element-74faa7aa elementor-invisible\" data-id=\"74faa7aa\" data-element_type=\"column\" data-settings=\"{&quot;animation&quot;:&quot;fadeInLeft&quot;}\">\n\t\t\t<div class=\"elementor-widget-wrap elementor-element-populated\">\n\t\t\t\t\t\t<div class=\"elementor-element elementor-element-56ca10a2 elementor-widget elementor-widget-heading\" data-id=\"56ca10a2\" data-element_type=\"widget\" data-widget_type=\"heading.default\">\n\t\t\t\t<div class=\"elementor-widget-container\">\n\t\t\t\t\t<h1 class=\"elementor-heading-title elementor-size-default\">\u00c9V\u00c8NEMENTS<\/h1>\t\t\t\t<\/div>\n\t\t\t\t<\/div>\n\t\t\t\t\t<\/div>\n\t\t<\/div>\n\t\t\t\t\t<\/div>\n\t\t<\/section>\n\t\t\t\t<section class=\"elementor-section elementor-top-section elementor-element elementor-element-6e556be elementor-section-content-middle elementor-section-boxed elementor-section-height-default elementor-section-height-default elementor-invisible\" data-id=\"6e556be\" data-element_type=\"section\" data-settings=\"{&quot;background_background&quot;:&quot;classic&quot;,&quot;animation&quot;:&quot;fadeInUp&quot;}\">\n\t\t\t\t\t\t<div class=\"elementor-container elementor-column-gap-no\">\n\t\t\t\t\t<div class=\"elementor-column elementor-col-100 elementor-top-column elementor-element elementor-element-7d9bc40\" data-id=\"7d9bc40\" data-element_type=\"column\">\n\t\t\t<div class=\"elementor-widget-wrap elementor-element-populated\">\n\t\t\t\t\t\t<div class=\"elementor-element elementor-element-17ebea0 elementor-widget elementor-widget-spacer\" data-id=\"17ebea0\" data-element_type=\"widget\" data-widget_type=\"spacer.default\">\n\t\t\t\t<div class=\"elementor-widget-container\">\n\t\t\t\t\t\t\t<div class=\"elementor-spacer\">\n\t\t\t<div class=\"elementor-spacer-inner\"><\/div>\n\t\t<\/div>\n\t\t\t\t\t\t<\/div>\n\t\t\t\t<\/div>\n\t\t\t\t<div class=\"elementor-element elementor-element-4048dc5 elementor-widget elementor-widget-heading\" data-id=\"4048dc5\" data-element_type=\"widget\" data-widget_type=\"heading.default\">\n\t\t\t\t<div class=\"elementor-widget-container\">\n\t\t\t\t\t<h2 class=\"elementor-heading-title elementor-size-default\">PROCHAINS WEBINARS<\/h2>\t\t\t\t<\/div>\n\t\t\t\t<\/div>\n\t\t\t\t<div class=\"elementor-element elementor-element-50b1aa0 elementor-widget-divider--view-line elementor-widget elementor-widget-divider\" data-id=\"50b1aa0\" data-element_type=\"widget\" data-widget_type=\"divider.default\">\n\t\t\t\t<div class=\"elementor-widget-container\">\n\t\t\t\t\t\t\t<div class=\"elementor-divider\">\n\t\t\t<span class=\"elementor-divider-separator\">\n\t\t\t\t\t\t<\/span>\n\t\t<\/div>\n\t\t\t\t\t\t<\/div>\n\t\t\t\t<\/div>\n\t\t\t\t\t<\/div>\n\t\t<\/div>\n\t\t\t\t\t<\/div>\n\t\t<\/section>\n\t\t\t\t<section class=\"elementor-section elementor-top-section elementor-element elementor-element-a437218 elementor-section-boxed elementor-section-height-default elementor-section-height-default\" data-id=\"a437218\" data-element_type=\"section\">\n\t\t\t\t\t\t<div class=\"elementor-container elementor-column-gap-default\">\n\t\t\t\t\t<div class=\"elementor-column elementor-col-50 elementor-top-column elementor-element elementor-element-96fa064\" data-id=\"96fa064\" data-element_type=\"column\">\n\t\t\t<div class=\"elementor-widget-wrap elementor-element-populated\">\n\t\t\t\t\t\t<div class=\"elementor-element elementor-element-82881c7 elementor-widget elementor-widget-image\" data-id=\"82881c7\" data-element_type=\"widget\" data-widget_type=\"image.default\">\n\t\t\t\t<div class=\"elementor-widget-container\">\n\t\t\t\t\t\t\t\t\t\t\t\t\t\t\t<img fetchpriority=\"high\" decoding=\"async\" width=\"724\" height=\"1024\" src=\"https:\/\/www.invarture.com\/wp-content\/uploads\/2025\/07\/Webinar-Vertical-724x1024.png\" class=\"attachment-large size-large wp-image-21993\" alt=\"\" srcset=\"https:\/\/www.invarture.com\/wp-content\/uploads\/2025\/07\/Webinar-Vertical-200x283.png 200w, https:\/\/www.invarture.com\/wp-content\/uploads\/2025\/07\/Webinar-Vertical-212x300.png 212w, https:\/\/www.invarture.com\/wp-content\/uploads\/2025\/07\/Webinar-Vertical-400x566.png 400w, https:\/\/www.invarture.com\/wp-content\/uploads\/2025\/07\/Webinar-Vertical-500x707.png 500w, https:\/\/www.invarture.com\/wp-content\/uploads\/2025\/07\/Webinar-Vertical-600x849.png 600w, https:\/\/www.invarture.com\/wp-content\/uploads\/2025\/07\/Webinar-Vertical-700x990.png 700w, https:\/\/www.invarture.com\/wp-content\/uploads\/2025\/07\/Webinar-Vertical-724x1024.png 724w, https:\/\/www.invarture.com\/wp-content\/uploads\/2025\/07\/Webinar-Vertical-768x1086.png 768w, https:\/\/www.invarture.com\/wp-content\/uploads\/2025\/07\/Webinar-Vertical-800x1132.png 800w, https:\/\/www.invarture.com\/wp-content\/uploads\/2025\/07\/Webinar-Vertical-1086x1536.png 1086w, https:\/\/www.invarture.com\/wp-content\/uploads\/2025\/07\/Webinar-Vertical-1200x1697.png 1200w, https:\/\/www.invarture.com\/wp-content\/uploads\/2025\/07\/Webinar-Vertical.png 1414w\" sizes=\"(max-width: 724px) 100vw, 724px\" \/>\t\t\t\t\t\t\t\t\t\t\t\t\t\t\t<\/div>\n\t\t\t\t<\/div>\n\t\t\t\t\t<\/div>\n\t\t<\/div>\n\t\t\t\t<div class=\"elementor-column elementor-col-50 elementor-top-column elementor-element elementor-element-c44ff83\" data-id=\"c44ff83\" data-element_type=\"column\">\n\t\t\t<div class=\"elementor-widget-wrap\">\n\t\t\t\t\t\t\t<\/div>\n\t\t<\/div>\n\t\t\t\t\t<\/div>\n\t\t<\/section>\n\t\t\t\t<section class=\"elementor-section elementor-top-section elementor-element elementor-element-a01acd4 elementor-section-content-middle elementor-section-boxed elementor-section-height-default elementor-section-height-default elementor-invisible\" data-id=\"a01acd4\" data-element_type=\"section\" data-settings=\"{&quot;background_background&quot;:&quot;classic&quot;,&quot;animation&quot;:&quot;fadeInUp&quot;}\">\n\t\t\t\t\t\t<div class=\"elementor-container elementor-column-gap-no\">\n\t\t\t\t\t<div class=\"elementor-column elementor-col-100 elementor-top-column elementor-element elementor-element-6ef4f9b\" data-id=\"6ef4f9b\" data-element_type=\"column\">\n\t\t\t<div class=\"elementor-widget-wrap elementor-element-populated\">\n\t\t\t\t\t\t<section class=\"elementor-section elementor-inner-section elementor-element elementor-element-112a3f7 elementor-section-boxed elementor-section-height-default elementor-section-height-default\" data-id=\"112a3f7\" data-element_type=\"section\">\n\t\t\t\t\t\t<div class=\"elementor-container elementor-column-gap-default\">\n\t\t\t\t\t<div class=\"elementor-column elementor-col-50 elementor-inner-column elementor-element elementor-element-3e4a1b4\" data-id=\"3e4a1b4\" data-element_type=\"column\">\n\t\t\t<div class=\"elementor-widget-wrap elementor-element-populated\">\n\t\t\t\t\t\t<div class=\"elementor-element elementor-element-3eea1d1 elementor-widget elementor-widget-heading\" data-id=\"3eea1d1\" data-element_type=\"widget\" data-widget_type=\"heading.default\">\n\t\t\t\t<div class=\"elementor-widget-container\">\n\t\t\t\t\t<h2 class=\"elementor-heading-title elementor-size-default\">REPLAY WEBINARS<\/h2>\t\t\t\t<\/div>\n\t\t\t\t<\/div>\n\t\t\t\t<div class=\"elementor-element elementor-element-bad5d2b elementor-widget-divider--view-line elementor-widget elementor-widget-divider\" data-id=\"bad5d2b\" data-element_type=\"widget\" data-widget_type=\"divider.default\">\n\t\t\t\t<div class=\"elementor-widget-container\">\n\t\t\t\t\t\t\t<div class=\"elementor-divider\">\n\t\t\t<span class=\"elementor-divider-separator\">\n\t\t\t\t\t\t<\/span>\n\t\t<\/div>\n\t\t\t\t\t\t<\/div>\n\t\t\t\t<\/div>\n\t\t\t\t\t<\/div>\n\t\t<\/div>\n\t\t\t\t<div class=\"elementor-column elementor-col-50 elementor-inner-column elementor-element elementor-element-5ec2bb2\" data-id=\"5ec2bb2\" data-element_type=\"column\">\n\t\t\t<div class=\"elementor-widget-wrap elementor-element-populated\">\n\t\t\t\t\t\t<div class=\"elementor-element elementor-element-276f9b7 elementor-button-info elementor-align-center elementor-widget__width-initial elementor-invisible elementor-widget elementor-widget-button\" data-id=\"276f9b7\" data-element_type=\"widget\" data-settings=\"{&quot;_animation&quot;:&quot;pulse&quot;}\" data-widget_type=\"button.default\">\n\t\t\t\t<div class=\"elementor-widget-container\">\n\t\t\t\t\t\t\t\t\t<div class=\"elementor-button-wrapper\">\n\t\t\t\t\t<a class=\"elementor-button elementor-button-link elementor-size-sm\" href=\"https:\/\/www.invarture.com\/en\/ressources-webinars\/\">\n\t\t\t\t\t\t<span class=\"elementor-button-content-wrapper\">\n\t\t\t\t\t\t<span class=\"elementor-button-icon\">\n\t\t\t\t<i aria-hidden=\"true\" class=\"fas fa-caret-right\"><\/i>\t\t\t<\/span>\n\t\t\t\t\t\t\t\t\t<span class=\"elementor-button-text\">Tous les replays<\/span>\n\t\t\t\t\t<\/span>\n\t\t\t\t\t<\/a>\n\t\t\t\t<\/div>\n\t\t\t\t\t\t\t\t<\/div>\n\t\t\t\t<\/div>\n\t\t\t\t\t<\/div>\n\t\t<\/div>\n\t\t\t\t\t<\/div>\n\t\t<\/section>\n\t\t\t\t\t<\/div>\n\t\t<\/div>\n\t\t\t\t\t<\/div>\n\t\t<\/section>\n\t\t\t\t<\/div>","protected":false},"excerpt":{"rendered":"<p>\u00c9V\u00c8NEMENTS PROCHAINS WEBINARS REPLAY WEBINARS Tous les replays<\/p>","protected":false},"author":9,"featured_media":0,"parent":0,"menu_order":0,"comment_status":"closed","ping_status":"closed","template":"elementor_header_footer","meta":{"content-type":"","footnotes":""},"class_list":["post-15877","page","type-page","status-publish","hentry"],"yoast_head":"<!-- This site is optimized with the Yoast SEO plugin v27.1.1 - https:\/\/yoast.com\/product\/yoast-seo-wordpress\/ -->\n<title>Tous nos \u00e9v\u00e8nements autour de SAP<\/title>\n<meta name=\"description\" content=\"Retrouvez tous nos \u00e9v\u00e8nements autour de SAP ainsi que nos webinars avec nos diff\u00e9rents partenaires qui acc\u00e9l\u00e8rent la performance de votre ERP\" \/>\n<meta name=\"robots\" content=\"index, follow, max-snippet:-1, max-image-preview:large, max-video-preview:-1\" \/>\n<link rel=\"canonical\" href=\"https:\/\/www.invarture.com\/en\/evenements-autour-de-sap\/\" \/>\n<meta property=\"og:locale\" content=\"en_GB\" \/>\n<meta property=\"og:type\" content=\"article\" \/>\n<meta property=\"og:title\" content=\"Tous nos \u00e9v\u00e8nements autour de SAP\" \/>\n<meta property=\"og:description\" content=\"Retrouvez tous nos \u00e9v\u00e8nements autour de SAP ainsi que nos webinars avec nos diff\u00e9rents partenaires qui acc\u00e9l\u00e8rent la performance de votre ERP\" \/>\n<meta property=\"og:url\" content=\"https:\/\/www.invarture.com\/en\/evenements-autour-de-sap\/\" \/>\n<meta property=\"og:site_name\" content=\"Invarture\" \/>\n<meta property=\"article:modified_time\" content=\"2026-01-29T15:50:56+00:00\" \/>\n<meta property=\"og:image\" content=\"https:\/\/www.invarture.com\/wp-content\/uploads\/2025\/07\/Webinar-Vertical.png\" \/>\n\t<meta property=\"og:image:width\" content=\"1414\" \/>\n\t<meta property=\"og:image:height\" content=\"2000\" \/>\n\t<meta property=\"og:image:type\" content=\"image\/png\" \/>\n<meta name=\"twitter:card\" content=\"summary_large_image\" \/>\n<meta name=\"twitter:label1\" content=\"Estimated reading time\" \/>\n\t<meta name=\"twitter:data1\" content=\"2 minutes\" \/>\n<script type=\"application\/ld+json\" class=\"yoast-schema-graph\">{\"@context\":\"https:\/\/schema.org\",\"@graph\":[{\"@type\":\"WebPage\",\"@id\":\"https:\/\/www.invarture.com\/evenements-autour-de-sap\/\",\"url\":\"https:\/\/www.invarture.com\/evenements-autour-de-sap\/\",\"name\":\"Tous nos \u00e9v\u00e8nements autour de SAP\",\"isPartOf\":{\"@id\":\"https:\/\/www.invarture.com\/#website\"},\"primaryImageOfPage\":{\"@id\":\"https:\/\/www.invarture.com\/evenements-autour-de-sap\/#primaryimage\"},\"image\":{\"@id\":\"https:\/\/www.invarture.com\/evenements-autour-de-sap\/#primaryimage\"},\"thumbnailUrl\":\"https:\/\/www.invarture.com\/wp-content\/uploads\/2025\/07\/Webinar-Vertical-724x1024.png\",\"datePublished\":\"2022-11-11T15:24:11+00:00\",\"dateModified\":\"2026-01-29T15:50:56+00:00\",\"description\":\"Retrouvez tous nos \u00e9v\u00e8nements autour de SAP ainsi que nos webinars avec nos diff\u00e9rents partenaires qui acc\u00e9l\u00e8rent la performance de votre ERP\",\"breadcrumb\":{\"@id\":\"https:\/\/www.invarture.com\/evenements-autour-de-sap\/#breadcrumb\"},\"inLanguage\":\"en-GB\",\"potentialAction\":[{\"@type\":\"ReadAction\",\"target\":[\"https:\/\/www.invarture.com\/evenements-autour-de-sap\/\"]}]},{\"@type\":\"ImageObject\",\"inLanguage\":\"en-GB\",\"@id\":\"https:\/\/www.invarture.com\/evenements-autour-de-sap\/#primaryimage\",\"url\":\"https:\/\/www.invarture.com\/wp-content\/uploads\/2025\/07\/Webinar-Vertical-724x1024.png\",\"contentUrl\":\"https:\/\/www.invarture.com\/wp-content\/uploads\/2025\/07\/Webinar-Vertical-724x1024.png\"},{\"@type\":\"BreadcrumbList\",\"@id\":\"https:\/\/www.invarture.com\/evenements-autour-de-sap\/#breadcrumb\",\"itemListElement\":[{\"@type\":\"ListItem\",\"position\":1,\"name\":\"Accueil\",\"item\":\"https:\/\/www.invarture.com\/\"},{\"@type\":\"ListItem\",\"position\":2,\"name\":\"A2 &#8211; \u00e9v\u00e9nement\"}]},{\"@type\":\"WebSite\",\"@id\":\"https:\/\/www.invarture.com\/#website\",\"url\":\"https:\/\/www.invarture.com\/\",\"name\":\"Invarture\",\"description\":\"DevOps Solutions\",\"potentialAction\":[{\"@type\":\"SearchAction\",\"target\":{\"@type\":\"EntryPoint\",\"urlTemplate\":\"https:\/\/www.invarture.com\/?s={search_term_string}\"},\"query-input\":{\"@type\":\"PropertyValueSpecification\",\"valueRequired\":true,\"valueName\":\"search_term_string\"}}],\"inLanguage\":\"en-GB\"}]}<\/script>\n<!-- \/ Yoast SEO plugin. -->","yoast_head_json":{"title":"Tous nos \u00e9v\u00e8nements autour de SAP","description":"Retrouvez tous nos \u00e9v\u00e8nements autour de SAP ainsi que nos webinars avec nos diff\u00e9rents partenaires qui acc\u00e9l\u00e8rent la performance de votre ERP","robots":{"index":"index","follow":"follow","max-snippet":"max-snippet:-1","max-image-preview":"max-image-preview:large","max-video-preview":"max-video-preview:-1"},"canonical":"https:\/\/www.invarture.com\/en\/evenements-autour-de-sap\/","og_locale":"en_GB","og_type":"article","og_title":"Tous nos \u00e9v\u00e8nements autour de SAP","og_description":"Retrouvez tous nos \u00e9v\u00e8nements autour de SAP ainsi que nos webinars avec nos diff\u00e9rents partenaires qui acc\u00e9l\u00e8rent la performance de votre ERP","og_url":"https:\/\/www.invarture.com\/en\/evenements-autour-de-sap\/","og_site_name":"Invarture","article_modified_time":"2026-01-29T15:50:56+00:00","og_image":[{"width":1414,"height":2000,"url":"https:\/\/www.invarture.com\/wp-content\/uploads\/2025\/07\/Webinar-Vertical.png","type":"image\/png"}],"twitter_card":"summary_large_image","twitter_misc":{"Estimated reading time":"2 minutes"},"schema":{"@context":"https:\/\/schema.org","@graph":[{"@type":"WebPage","@id":"https:\/\/www.invarture.com\/evenements-autour-de-sap\/","url":"https:\/\/www.invarture.com\/evenements-autour-de-sap\/","name":"Tous nos \u00e9v\u00e8nements autour de SAP","isPartOf":{"@id":"https:\/\/www.invarture.com\/#website"},"primaryImageOfPage":{"@id":"https:\/\/www.invarture.com\/evenements-autour-de-sap\/#primaryimage"},"image":{"@id":"https:\/\/www.invarture.com\/evenements-autour-de-sap\/#primaryimage"},"thumbnailUrl":"https:\/\/www.invarture.com\/wp-content\/uploads\/2025\/07\/Webinar-Vertical-724x1024.png","datePublished":"2022-11-11T15:24:11+00:00","dateModified":"2026-01-29T15:50:56+00:00","description":"Retrouvez tous nos \u00e9v\u00e8nements autour de SAP ainsi que nos webinars avec nos diff\u00e9rents partenaires qui acc\u00e9l\u00e8rent la performance de votre ERP","breadcrumb":{"@id":"https:\/\/www.invarture.com\/evenements-autour-de-sap\/#breadcrumb"},"inLanguage":"en-GB","potentialAction":[{"@type":"ReadAction","target":["https:\/\/www.invarture.com\/evenements-autour-de-sap\/"]}]},{"@type":"ImageObject","inLanguage":"en-GB","@id":"https:\/\/www.invarture.com\/evenements-autour-de-sap\/#primaryimage","url":"https:\/\/www.invarture.com\/wp-content\/uploads\/2025\/07\/Webinar-Vertical-724x1024.png","contentUrl":"https:\/\/www.invarture.com\/wp-content\/uploads\/2025\/07\/Webinar-Vertical-724x1024.png"},{"@type":"BreadcrumbList","@id":"https:\/\/www.invarture.com\/evenements-autour-de-sap\/#breadcrumb","itemListElement":[{"@type":"ListItem","position":1,"name":"Accueil","item":"https:\/\/www.invarture.com\/"},{"@type":"ListItem","position":2,"name":"A2 &#8211; \u00e9v\u00e9nement"}]},{"@type":"WebSite","@id":"https:\/\/www.invarture.com\/#website","url":"https:\/\/www.invarture.com\/","name":"Invarture","description":"DevOps Solutions","potentialAction":[{"@type":"SearchAction","target":{"@type":"EntryPoint","urlTemplate":"https:\/\/www.invarture.com\/?s={search_term_string}"},"query-input":{"@type":"PropertyValueSpecification","valueRequired":true,"valueName":"search_term_string"}}],"inLanguage":"en-GB"}]}},"_links":{"self":[{"href":"https:\/\/www.invarture.com\/en\/wp-json\/wp\/v2\/pages\/15877","targetHints":{"allow":["GET"]}}],"collection":[{"href":"https:\/\/www.invarture.com\/en\/wp-json\/wp\/v2\/pages"}],"about":[{"href":"https:\/\/www.invarture.com\/en\/wp-json\/wp\/v2\/types\/page"}],"author":[{"embeddable":true,"href":"https:\/\/www.invarture.com\/en\/wp-json\/wp\/v2\/users\/9"}],"replies":[{"embeddable":true,"href":"https:\/\/www.invarture.com\/en\/wp-json\/wp\/v2\/comments?post=15877"}],"version-history":[{"count":243,"href":"https:\/\/www.invarture.com\/en\/wp-json\/wp\/v2\/pages\/15877\/revisions"}],"predecessor-version":[{"id":22163,"href":"https:\/\/www.invarture.com\/en\/wp-json\/wp\/v2\/pages\/15877\/revisions\/22163"}],"wp:attachment":[{"href":"https:\/\/www.invarture.com\/en\/wp-json\/wp\/v2\/media?parent=15877"}],"curies":[{"name":"wp","href":"https:\/\/api.w.org\/{rel}","templated":true}]}}